{"id":10036,"date":"2025-03-27T17:51:48","date_gmt":"2025-03-27T16:51:48","guid":{"rendered":"https:\/\/kpcommunication.it\/?page_id=10036"},"modified":"2025-05-21T15:45:52","modified_gmt":"2025-05-21T13:45:52","slug":"team","status":"publish","type":"page","link":"https:\/\/kpcommunication.it\/2023\/team\/","title":{"rendered":"Team"},"content":{"rendered":"\t\t<div data-elementor-type=\"wp-page\" data-elementor-id=\"10036\" class=\"elementor elementor-10036\" data-elementor-post-type=\"page\">\n\t\t\t\t\t\t<section class=\"elementor-section elementor-top-section elementor-element elementor-element-20f4141 elementor-section-boxed elementor-section-height-default elementor-section-height-default wpr-particle-no wpr-jarallax-no wpr-parallax-no wpr-sticky-section-no\" data-id=\"20f4141\" data-element_type=\"section\" data-e-type=\"section\">\n\t\t\t\t\t\t<div class=\"elementor-container elementor-column-gap-default\">\n\t\t\t\t\t<div class=\"elementor-column elementor-col-100 elementor-top-column elementor-element elementor-element-82fa7f8 ot-flex-column-vertical\" data-id=\"82fa7f8\" data-element_type=\"column\" data-e-type=\"column\">\n\t\t\t<div class=\"elementor-widget-wrap elementor-element-populated\">\n\t\t\t\t\t\t<section class=\"elementor-section elementor-inner-section elementor-element elementor-element-a86f157 elementor-section-full_width elementor-section-height-default elementor-section-height-default wpr-particle-no wpr-jarallax-no wpr-parallax-no wpr-sticky-section-no\" data-id=\"a86f157\" data-element_type=\"section\" data-e-type=\"section\">\n\t\t\t\t\t\t<div class=\"elementor-container elementor-column-gap-extended\">\n\t\t\t\t\t<div class=\"elementor-column elementor-col-100 elementor-inner-column elementor-element elementor-element-788bfea ot-flex-column-vertical\" data-id=\"788bfea\" data-element_type=\"column\" data-e-type=\"column\">\n\t\t\t<div class=\"elementor-widget-wrap elementor-element-populated\">\n\t\t\t\t\t\t<div class=\"elementor-element elementor-element-668cd25 elementor-widget elementor-widget-text-editor\" data-id=\"668cd25\" data-element_type=\"widget\" data-e-type=\"widget\" data-widget_type=\"text-editor.default\">\n\t\t\t\t<div class=\"elementor-widget-container\">\n\t\t\t\t\t\t\t\t\t<h2>Scopri il nostro team: creativi, strategici e appassionati.<\/h2>\t\t\t\t\t\t\t\t<\/div>\n\t\t\t\t<\/div>\n\t\t\t\t<div class=\"elementor-element elementor-element-35458ff elementor-widget elementor-widget-text-editor\" data-id=\"35458ff\" data-element_type=\"widget\" data-e-type=\"widget\" data-widget_type=\"text-editor.default\">\n\t\t\t\t<div class=\"elementor-widget-container\">\n\t\t\t\t\t\t\t\t\t<h4>Siamo le menti dietro ogni progetto, uniti dalla voglia di trasformare le idee in realt\u00e0.<\/h4>\t\t\t\t\t\t\t\t<\/div>\n\t\t\t\t<\/div>\n\t\t\t\t\t<\/div>\n\t\t<\/div>\n\t\t\t\t\t<\/div>\n\t\t<\/section>\n\t\t\t\t\t<\/div>\n\t\t<\/div>\n\t\t\t\t\t<\/div>\n\t\t<\/section>\n\t\t\t\t<section class=\"elementor-section elementor-top-section elementor-element elementor-element-588df14 elementor-section-content-middle elementor-section-boxed elementor-section-height-default elementor-section-height-default wpr-particle-no wpr-jarallax-no wpr-parallax-no wpr-sticky-section-no\" data-id=\"588df14\" data-element_type=\"section\" data-e-type=\"section\" data-settings=\"{&quot;background_background&quot;:&quot;slideshow&quot;,&quot;background_slideshow_gallery&quot;:[{&quot;id&quot;:2225,&quot;url&quot;:&quot;https:\\\/\\\/kpcommunication.it\\\/2023\\\/wp-content\\\/uploads\\\/2020\\\/02\\\/shape1-home4.png&quot;}],&quot;background_slideshow_loop&quot;:&quot;yes&quot;,&quot;background_slideshow_slide_duration&quot;:5000,&quot;background_slideshow_slide_transition&quot;:&quot;fade&quot;,&quot;background_slideshow_transition_duration&quot;:500}\">\n\t\t\t\t\t\t<div class=\"elementor-container elementor-column-gap-extended\">\n\t\t\t\t\t<div class=\"elementor-column elementor-col-50 elementor-top-column elementor-element elementor-element-de195c6 ot-flex-column-vertical\" data-id=\"de195c6\" data-element_type=\"column\" data-e-type=\"column\">\n\t\t\t<div class=\"elementor-widget-wrap elementor-element-populated\">\n\t\t\t\t\t\t<div class=\"elementor-element elementor-element-7e57f00 elementor-widget elementor-widget-image\" data-id=\"7e57f00\" data-element_type=\"widget\" data-e-type=\"widget\" data-widget_type=\"image.default\">\n\t\t\t\t<div class=\"elementor-widget-container\">\n\t\t\t\t\t\t\t\t\t\t\t\t\t\t\t<img fetchpriority=\"high\" decoding=\"async\" width=\"750\" height=\"750\" src=\"https:\/\/kpcommunication.it\/2023\/wp-content\/uploads\/2025\/05\/PANZERI_BIANCO-E-NERO.png\" class=\"attachment-full size-full wp-image-10861\" alt=\"\" srcset=\"https:\/\/kpcommunication.it\/2023\/wp-content\/uploads\/2025\/05\/PANZERI_BIANCO-E-NERO.png 750w, https:\/\/kpcommunication.it\/2023\/wp-content\/uploads\/2025\/05\/PANZERI_BIANCO-E-NERO-300x300.png 300w, https:\/\/kpcommunication.it\/2023\/wp-content\/uploads\/2025\/05\/PANZERI_BIANCO-E-NERO-150x150.png 150w\" sizes=\"(max-width: 750px) 100vw, 750px\" \/>\t\t\t\t\t\t\t\t\t\t\t\t\t\t\t<\/div>\n\t\t\t\t<\/div>\n\t\t\t\t\t<\/div>\n\t\t<\/div>\n\t\t\t\t<div class=\"elementor-column elementor-col-50 elementor-top-column elementor-element elementor-element-233b0d2 ot-flex-column-vertical\" data-id=\"233b0d2\" data-element_type=\"column\" data-e-type=\"column\">\n\t\t\t<div class=\"elementor-widget-wrap elementor-element-populated\">\n\t\t\t\t\t\t<div class=\"elementor-element elementor-element-fe5bc85 elementor-widget elementor-widget-iheading\" data-id=\"fe5bc85\" data-element_type=\"widget\" data-e-type=\"widget\" data-widget_type=\"iheading.default\">\n\t\t\t\t<div class=\"elementor-widget-container\">\n\t\t\t\t\t\t\t<div class=\"ot-heading left-align\">\r\n\t\t\t\r\n\t\t\t\t\r\n\r\n\t         \r\n\r\n\t        \t        \t<h2 class=\"main-heading\">Caterina Panzeri<\/h2>\r\n\t        \t    <\/div>\r\n\t    \t\t\t\t<\/div>\n\t\t\t\t<\/div>\n\t\t\t\t<div class=\"elementor-element elementor-element-e6e8b3f elementor-widget elementor-widget-text-editor\" data-id=\"e6e8b3f\" data-element_type=\"widget\" data-e-type=\"widget\" data-widget_type=\"text-editor.default\">\n\t\t\t\t<div class=\"elementor-widget-container\">\n\t\t\t\t\t\t\t\t\t<p>Caterina Panzeri \u00e8 <b>CEO e fondatrice di KPCommunication 5.0.<\/b> Laureata in Comunicazione e Marketing, presso l&#8217;Universit\u00e0 Statale di Milano, ha ulteriormente ampliato le sue competenze manageriali alla LUISS Business School.<br \/>Con un&#8217;esperienza pluriennale maturata in ruoli di responsabilit\u00e0 presso importanti aziende nel settore benessere, Caterina Panzeri ha deciso di fondare KPCommunication 5.0 nel 2010. L&#8217;agenzia, con sede operativa a Capiago Intimiano, in provincia di Como, offre servizi personalizzati di consulenza strategica, web marketing, formazione manageriale e comunicazione integrata.<br \/>Riconosciuta per la sua professionalit\u00e0, precisione e capacit\u00e0 di innovazione, Caterina Panzeri \u00e8 frequentemente invitata come relatrice a eventi e seminari dedicati al marketing digitale e alla comunicazione strategica. La sua attivit\u00e0 formativa e consulenziale ha aiutato numerosi imprenditori del settore beauty a migliorare la gestione e l&#8217;efficacia della propria comunicazione, incrementando significativamente il valore e la visibilit\u00e0 dei loro brand.<\/p>\t\t\t\t\t\t\t\t<\/div>\n\t\t\t\t<\/div>\n\t\t\t\t\t<\/div>\n\t\t<\/div>\n\t\t\t\t\t<\/div>\n\t\t<\/section>\n\t\t\t\t<section class=\"elementor-section elementor-top-section elementor-element elementor-element-ec93956 elementor-section-boxed elementor-section-height-default elementor-section-height-default wpr-particle-no wpr-jarallax-no wpr-parallax-no wpr-sticky-section-no\" data-id=\"ec93956\" data-element_type=\"section\" data-e-type=\"section\">\n\t\t\t\t\t\t<div class=\"elementor-container elementor-column-gap-default\">\n\t\t\t\t\t<div class=\"elementor-column elementor-col-100 elementor-top-column elementor-element elementor-element-288fb4b ot-flex-column-vertical\" data-id=\"288fb4b\" data-element_type=\"column\" data-e-type=\"column\">\n\t\t\t<div class=\"elementor-widget-wrap elementor-element-populated\">\n\t\t\t\t\t\t<div class=\"elementor-element elementor-element-e1e6249 elementor-widget elementor-widget-iteams\" data-id=\"e1e6249\" data-element_type=\"widget\" data-e-type=\"widget\" data-widget_type=\"iteams.default\">\n\t\t\t\t<div class=\"elementor-widget-container\">\n\t\t\t\t\t\r\n\t\t<div class=\"team-slider\"  data-show=\"3\" data-scroll=\"2\" data-arrow=\"true\" data-dots=\"true\">\r\n\t\t\t\r\n\t\t\t<div class=\"team-wrap\">\r\n\t\t\t\t\t\t\t\t<div class=\"team-thumb\">\r\n\t\t\t\t\t\t\t\t\t\t<img decoding=\"async\" src=\"https:\/\/kpcommunication.it\/2023\/wp-content\/uploads\/2025\/05\/greta.jpg\" alt=\"Greta Novati\">\r\n\t\t\t\t\t\t\t\t\t<\/div>\r\n\t\t\t\t\t\t\t\t<div class=\"team-info\">\r\n\t\t\t\t\t<h4>Greta Novati<\/h4>\r\n\t\t\t\t\t<span>Administration Manager<\/span>\r\n\t\t\t\t\t\t\t\t\t<\/div>\r\n\t\t\t<\/div>\r\n\t        \r\n\t\t\t<div class=\"team-wrap\">\r\n\t\t\t\t\t\t\t\t<div class=\"team-thumb\">\r\n\t\t\t\t\t\t\t\t\t\t<img decoding=\"async\" src=\"https:\/\/kpcommunication.it\/2023\/wp-content\/uploads\/2025\/05\/ylenia.jpg\" alt=\"Ylenia Galluzzo\">\r\n\t\t\t\t\t\t\t\t\t<\/div>\r\n\t\t\t\t\t\t\t\t<div class=\"team-info\">\r\n\t\t\t\t\t<h4>Ylenia Galluzzo<\/h4>\r\n\t\t\t\t\t<span>Training & Communication Manager<\/span>\r\n\t\t\t\t\t\t\t\t\t<\/div>\r\n\t\t\t<\/div>\r\n\t        \r\n\t\t\t<div class=\"team-wrap\">\r\n\t\t\t\t\t\t\t\t<div class=\"team-thumb\">\r\n\t\t\t\t\t\t\t\t\t\t<img decoding=\"async\" src=\"https:\/\/kpcommunication.it\/2023\/wp-content\/uploads\/2025\/05\/giulia.jpg\" alt=\"Giulia Bianchi\">\r\n\t\t\t\t\t\t\t\t\t<\/div>\r\n\t\t\t\t\t\t\t\t<div class=\"team-info\">\r\n\t\t\t\t\t<h4>Giulia Bianchi<\/h4>\r\n\t\t\t\t\t<span>Social Media Manager<\/span>\r\n\t\t\t\t\t\t\t\t\t<\/div>\r\n\t\t\t<\/div>\r\n\t        \r\n\t\t\t<div class=\"team-wrap\">\r\n\t\t\t\t\t\t\t\t<div class=\"team-thumb\">\r\n\t\t\t\t\t\t\t\t\t\t<img decoding=\"async\" src=\"https:\/\/kpcommunication.it\/2023\/wp-content\/uploads\/2025\/05\/andrea.jpg\" alt=\"Andrea Quadroni\">\r\n\t\t\t\t\t\t\t\t\t<\/div>\r\n\t\t\t\t\t\t\t\t<div class=\"team-info\">\r\n\t\t\t\t\t<h4>Andrea Quadroni<\/h4>\r\n\t\t\t\t\t<span>Social Media Strategist<\/span>\r\n\t\t\t\t\t\t\t\t\t<\/div>\r\n\t\t\t<\/div>\r\n\t        \r\n\t\t\t<div class=\"team-wrap\">\r\n\t\t\t\t\t\t\t\t<div class=\"team-thumb\">\r\n\t\t\t\t\t\t\t\t\t\t<img decoding=\"async\" src=\"https:\/\/kpcommunication.it\/2023\/wp-content\/uploads\/2025\/05\/marcello.jpg\" alt=\"Marcello Salvadori\">\r\n\t\t\t\t\t\t\t\t\t<\/div>\r\n\t\t\t\t\t\t\t\t<div class=\"team-info\">\r\n\t\t\t\t\t<h4>Marcello Salvadori<\/h4>\r\n\t\t\t\t\t<span>Web Designer<\/span>\r\n\t\t\t\t\t\t\t\t\t<\/div>\r\n\t\t\t<\/div>\r\n\t        \r\n\t\t\t<div class=\"team-wrap\">\r\n\t\t\t\t\t\t\t\t<div class=\"team-thumb\">\r\n\t\t\t\t\t\t\t\t\t\t<img decoding=\"async\" src=\"https:\/\/kpcommunication.it\/2023\/wp-content\/uploads\/2025\/05\/filippo.png\" alt=\"Filippo Malatrasi\">\r\n\t\t\t\t\t\t\t\t\t<\/div>\r\n\t\t\t\t\t\t\t\t<div class=\"team-info\">\r\n\t\t\t\t\t<h4>Filippo Malatrasi<\/h4>\r\n\t\t\t\t\t<span>Graphic Designer<\/span>\r\n\t\t\t\t\t\t\t\t\t<\/div>\r\n\t\t\t<\/div>\r\n\t        \t\t<\/div>\r\n\t        \r\n\t    \t\t\t\t<\/div>\n\t\t\t\t<\/div>\n\t\t\t\t\t<\/div>\n\t\t<\/div>\n\t\t\t\t\t<\/div>\n\t\t<\/section>\n\t\t\t\t<\/div>\n\t\t","protected":false},"excerpt":{"rendered":"<p>Scopri il nostro team: creativi, strategici e appassionati. Siamo le menti dietro ogni progetto, uniti dalla voglia di trasformare le idee in realt\u00e0. Caterina Panzeri Caterina Panzeri \u00e8 CEO e fondatrice di KPCommunication 5.0. Laureata in Comunicazione e Marketing, presso l&#8217;Universit\u00e0 Statale di Milano, ha ulteriormente ampliato le sue competenze manageriali alla LUISS Business School.Con un&#8217;esperienza pluriennale maturata in ruoli di responsabilit\u00e0 presso importanti aziende nel settore benessere, Caterina Panzeri ha deciso di fondare KPCommunication 5.0 nel 2010. L&#8217;agenzia, con sede operativa a Capiago Intimiano, in provincia di Como, offre servizi personalizzati di consulenza strategica, web marketing, formazione manageriale e comunicazione integrata.Riconosciuta per la sua professionalit\u00e0, precisione e capacit\u00e0 di innovazione, Caterina Panzeri \u00e8 frequentemente invitata come relatrice a eventi e seminari dedicati al marketing digitale e alla comunicazione strategica. La sua attivit\u00e0 formativa e consulenziale ha aiutato numerosi imprenditori del settore beauty a migliorare la gestione e l&#8217;efficacia della propria comunicazione, incrementando significativamente il valore e la visibilit\u00e0 dei loro brand. Greta Novati Administration Manager Ylenia Galluzzo Training &#038; Communication Manager Giulia Bianchi Social Media Manager Andrea Quadroni Social Media Strategist Marcello Salvadori Web Designer Filippo Malatrasi Graphic Designer<\/p>\n","protected":false},"author":2,"featured_media":0,"parent":0,"menu_order":0,"comment_status":"closed","ping_status":"closed","template":"","meta":{"cybocfi_hide_featured_image":"","footnotes":""},"class_list":["post-10036","page","type-page","status-publish","hentry"],"yoast_head":"<!-- This site is optimized with the Yoast SEO plugin v27.3 - https:\/\/yoast.com\/product\/yoast-seo-wordpress\/ -->\n<title>Team - KPCommunication 5.0<\/title>\n<meta name=\"description\" content=\"Esperienza, seriet\u00e0, innovazione al servizio della crescita efficiente ed efficace della tua attivit\u00e0\" \/>\n<meta name=\"robots\" content=\"index, follow, max-snippet:-1, max-image-preview:large, max-video-preview:-1\" \/>\n<link rel=\"canonical\" href=\"https:\/\/kpcommunication.it\/2023\/team\/\" \/>\n<meta property=\"og:locale\" content=\"it_IT\" \/>\n<meta property=\"og:type\" content=\"article\" \/>\n<meta property=\"og:title\" content=\"Team - KPCommunication 5.0\" \/>\n<meta property=\"og:description\" content=\"Esperienza, seriet\u00e0, innovazione al servizio della crescita efficiente ed efficace della tua attivit\u00e0\" \/>\n<meta property=\"og:url\" content=\"https:\/\/kpcommunication.it\/2023\/team\/\" \/>\n<meta property=\"og:site_name\" content=\"KPCommunication 5.0\" \/>\n<meta property=\"article:publisher\" content=\"https:\/\/www.facebook.com\/kp.communication.it\" \/>\n<meta property=\"article:modified_time\" content=\"2025-05-21T13:45:52+00:00\" \/>\n<meta property=\"og:image\" content=\"https:\/\/kpcommunication.it\/2023\/wp-content\/uploads\/2025\/05\/PANZERI_BIANCO-E-NERO.png\" \/>\n<meta name=\"twitter:card\" content=\"summary_large_image\" \/>\n<meta name=\"twitter:label1\" content=\"Tempo di lettura stimato\" \/>\n\t<meta name=\"twitter:data1\" content=\"3 minuti\" \/>\n<script type=\"application\/ld+json\" class=\"yoast-schema-graph\">{\"@context\":\"https:\\\/\\\/schema.org\",\"@graph\":[{\"@type\":\"WebPage\",\"@id\":\"https:\\\/\\\/kpcommunication.it\\\/2023\\\/team\\\/\",\"url\":\"https:\\\/\\\/kpcommunication.it\\\/2023\\\/team\\\/\",\"name\":\"Team - KPCommunication 5.0\",\"isPartOf\":{\"@id\":\"https:\\\/\\\/kpcommunication.it\\\/2023\\\/#website\"},\"primaryImageOfPage\":{\"@id\":\"https:\\\/\\\/kpcommunication.it\\\/2023\\\/team\\\/#primaryimage\"},\"image\":{\"@id\":\"https:\\\/\\\/kpcommunication.it\\\/2023\\\/team\\\/#primaryimage\"},\"thumbnailUrl\":\"https:\\\/\\\/kpcommunication.it\\\/2023\\\/wp-content\\\/uploads\\\/2025\\\/05\\\/PANZERI_BIANCO-E-NERO.png\",\"datePublished\":\"2025-03-27T16:51:48+00:00\",\"dateModified\":\"2025-05-21T13:45:52+00:00\",\"description\":\"Esperienza, seriet\u00e0, innovazione al servizio della crescita efficiente ed efficace della tua attivit\u00e0\",\"breadcrumb\":{\"@id\":\"https:\\\/\\\/kpcommunication.it\\\/2023\\\/team\\\/#breadcrumb\"},\"inLanguage\":\"it-IT\",\"potentialAction\":[{\"@type\":\"ReadAction\",\"target\":[\"https:\\\/\\\/kpcommunication.it\\\/2023\\\/team\\\/\"]}]},{\"@type\":\"ImageObject\",\"inLanguage\":\"it-IT\",\"@id\":\"https:\\\/\\\/kpcommunication.it\\\/2023\\\/team\\\/#primaryimage\",\"url\":\"https:\\\/\\\/kpcommunication.it\\\/2023\\\/wp-content\\\/uploads\\\/2025\\\/05\\\/PANZERI_BIANCO-E-NERO.png\",\"contentUrl\":\"https:\\\/\\\/kpcommunication.it\\\/2023\\\/wp-content\\\/uploads\\\/2025\\\/05\\\/PANZERI_BIANCO-E-NERO.png\",\"width\":750,\"height\":750},{\"@type\":\"BreadcrumbList\",\"@id\":\"https:\\\/\\\/kpcommunication.it\\\/2023\\\/team\\\/#breadcrumb\",\"itemListElement\":[{\"@type\":\"ListItem\",\"position\":1,\"name\":\"Home\",\"item\":\"https:\\\/\\\/kpcommunication.it\\\/2023\\\/\"},{\"@type\":\"ListItem\",\"position\":2,\"name\":\"Team\"}]},{\"@type\":\"WebSite\",\"@id\":\"https:\\\/\\\/kpcommunication.it\\\/2023\\\/#website\",\"url\":\"https:\\\/\\\/kpcommunication.it\\\/2023\\\/\",\"name\":\"KPCommunication 5.0.\",\"description\":\"\",\"publisher\":{\"@id\":\"https:\\\/\\\/kpcommunication.it\\\/2023\\\/#organization\"},\"potentialAction\":[{\"@type\":\"SearchAction\",\"target\":{\"@type\":\"EntryPoint\",\"urlTemplate\":\"https:\\\/\\\/kpcommunication.it\\\/2023\\\/?s={search_term_string}\"},\"query-input\":{\"@type\":\"PropertyValueSpecification\",\"valueRequired\":true,\"valueName\":\"search_term_string\"}}],\"inLanguage\":\"it-IT\"},{\"@type\":\"Organization\",\"@id\":\"https:\\\/\\\/kpcommunication.it\\\/2023\\\/#organization\",\"name\":\"KPCommunication 5.0.\",\"url\":\"https:\\\/\\\/kpcommunication.it\\\/2023\\\/\",\"logo\":{\"@type\":\"ImageObject\",\"inLanguage\":\"it-IT\",\"@id\":\"https:\\\/\\\/kpcommunication.it\\\/2023\\\/#\\\/schema\\\/logo\\\/image\\\/\",\"url\":\"https:\\\/\\\/kpcommunication.it\\\/2023\\\/wp-content\\\/uploads\\\/2022\\\/09\\\/LOGO-SITO_200X68_BAGLIORE.png\",\"contentUrl\":\"https:\\\/\\\/kpcommunication.it\\\/2023\\\/wp-content\\\/uploads\\\/2022\\\/09\\\/LOGO-SITO_200X68_BAGLIORE.png\",\"width\":200,\"height\":68,\"caption\":\"KPCommunication 5.0.\"},\"image\":{\"@id\":\"https:\\\/\\\/kpcommunication.it\\\/2023\\\/#\\\/schema\\\/logo\\\/image\\\/\"},\"sameAs\":[\"https:\\\/\\\/www.facebook.com\\\/kp.communication.it\",\"https:\\\/\\\/www.instagram.com\\\/kpcommunication5.0\\\/\",\"https:\\\/\\\/www.linkedin.com\\\/company\\\/kpcommunication\\\/\"]}]}<\/script>\n<!-- \/ Yoast SEO plugin. -->","yoast_head_json":{"title":"Team - KPCommunication 5.0","description":"Esperienza, seriet\u00e0, innovazione al servizio della crescita efficiente ed efficace della tua attivit\u00e0","robots":{"index":"index","follow":"follow","max-snippet":"max-snippet:-1","max-image-preview":"max-image-preview:large","max-video-preview":"max-video-preview:-1"},"canonical":"https:\/\/kpcommunication.it\/2023\/team\/","og_locale":"it_IT","og_type":"article","og_title":"Team - KPCommunication 5.0","og_description":"Esperienza, seriet\u00e0, innovazione al servizio della crescita efficiente ed efficace della tua attivit\u00e0","og_url":"https:\/\/kpcommunication.it\/2023\/team\/","og_site_name":"KPCommunication 5.0","article_publisher":"https:\/\/www.facebook.com\/kp.communication.it","article_modified_time":"2025-05-21T13:45:52+00:00","og_image":[{"url":"https:\/\/kpcommunication.it\/2023\/wp-content\/uploads\/2025\/05\/PANZERI_BIANCO-E-NERO.png","type":"","width":"","height":""}],"twitter_card":"summary_large_image","twitter_misc":{"Tempo di lettura stimato":"3 minuti"},"schema":{"@context":"https:\/\/schema.org","@graph":[{"@type":"WebPage","@id":"https:\/\/kpcommunication.it\/2023\/team\/","url":"https:\/\/kpcommunication.it\/2023\/team\/","name":"Team - KPCommunication 5.0","isPartOf":{"@id":"https:\/\/kpcommunication.it\/2023\/#website"},"primaryImageOfPage":{"@id":"https:\/\/kpcommunication.it\/2023\/team\/#primaryimage"},"image":{"@id":"https:\/\/kpcommunication.it\/2023\/team\/#primaryimage"},"thumbnailUrl":"https:\/\/kpcommunication.it\/2023\/wp-content\/uploads\/2025\/05\/PANZERI_BIANCO-E-NERO.png","datePublished":"2025-03-27T16:51:48+00:00","dateModified":"2025-05-21T13:45:52+00:00","description":"Esperienza, seriet\u00e0, innovazione al servizio della crescita efficiente ed efficace della tua attivit\u00e0","breadcrumb":{"@id":"https:\/\/kpcommunication.it\/2023\/team\/#breadcrumb"},"inLanguage":"it-IT","potentialAction":[{"@type":"ReadAction","target":["https:\/\/kpcommunication.it\/2023\/team\/"]}]},{"@type":"ImageObject","inLanguage":"it-IT","@id":"https:\/\/kpcommunication.it\/2023\/team\/#primaryimage","url":"https:\/\/kpcommunication.it\/2023\/wp-content\/uploads\/2025\/05\/PANZERI_BIANCO-E-NERO.png","contentUrl":"https:\/\/kpcommunication.it\/2023\/wp-content\/uploads\/2025\/05\/PANZERI_BIANCO-E-NERO.png","width":750,"height":750},{"@type":"BreadcrumbList","@id":"https:\/\/kpcommunication.it\/2023\/team\/#breadcrumb","itemListElement":[{"@type":"ListItem","position":1,"name":"Home","item":"https:\/\/kpcommunication.it\/2023\/"},{"@type":"ListItem","position":2,"name":"Team"}]},{"@type":"WebSite","@id":"https:\/\/kpcommunication.it\/2023\/#website","url":"https:\/\/kpcommunication.it\/2023\/","name":"KPCommunication 5.0.","description":"","publisher":{"@id":"https:\/\/kpcommunication.it\/2023\/#organization"},"potentialAction":[{"@type":"SearchAction","target":{"@type":"EntryPoint","urlTemplate":"https:\/\/kpcommunication.it\/2023\/?s={search_term_string}"},"query-input":{"@type":"PropertyValueSpecification","valueRequired":true,"valueName":"search_term_string"}}],"inLanguage":"it-IT"},{"@type":"Organization","@id":"https:\/\/kpcommunication.it\/2023\/#organization","name":"KPCommunication 5.0.","url":"https:\/\/kpcommunication.it\/2023\/","logo":{"@type":"ImageObject","inLanguage":"it-IT","@id":"https:\/\/kpcommunication.it\/2023\/#\/schema\/logo\/image\/","url":"https:\/\/kpcommunication.it\/2023\/wp-content\/uploads\/2022\/09\/LOGO-SITO_200X68_BAGLIORE.png","contentUrl":"https:\/\/kpcommunication.it\/2023\/wp-content\/uploads\/2022\/09\/LOGO-SITO_200X68_BAGLIORE.png","width":200,"height":68,"caption":"KPCommunication 5.0."},"image":{"@id":"https:\/\/kpcommunication.it\/2023\/#\/schema\/logo\/image\/"},"sameAs":["https:\/\/www.facebook.com\/kp.communication.it","https:\/\/www.instagram.com\/kpcommunication5.0\/","https:\/\/www.linkedin.com\/company\/kpcommunication\/"]}]}},"_links":{"self":[{"href":"https:\/\/kpcommunication.it\/2023\/wp-json\/wp\/v2\/pages\/10036","targetHints":{"allow":["GET"]}}],"collection":[{"href":"https:\/\/kpcommunication.it\/2023\/wp-json\/wp\/v2\/pages"}],"about":[{"href":"https:\/\/kpcommunication.it\/2023\/wp-json\/wp\/v2\/types\/page"}],"author":[{"embeddable":true,"href":"https:\/\/kpcommunication.it\/2023\/wp-json\/wp\/v2\/users\/2"}],"replies":[{"embeddable":true,"href":"https:\/\/kpcommunication.it\/2023\/wp-json\/wp\/v2\/comments?post=10036"}],"version-history":[{"count":106,"href":"https:\/\/kpcommunication.it\/2023\/wp-json\/wp\/v2\/pages\/10036\/revisions"}],"predecessor-version":[{"id":11020,"href":"https:\/\/kpcommunication.it\/2023\/wp-json\/wp\/v2\/pages\/10036\/revisions\/11020"}],"wp:attachment":[{"href":"https:\/\/kpcommunication.it\/2023\/wp-json\/wp\/v2\/media?parent=10036"}],"curies":[{"name":"wp","href":"https:\/\/api.w.org\/{rel}","templated":true}]}}